{"id":883,"date":"2026-05-07T17:43:42","date_gmt":"2026-05-07T22:43:42","guid":{"rendered":"https:\/\/inversionesquitasuenos.com.co\/?page_id=883"},"modified":"2026-05-07T18:52:37","modified_gmt":"2026-05-07T23:52:37","slug":"impresion-dtf-duplicate-614","status":"publish","type":"page","link":"https:\/\/inversionesquitasuenos.com.co\/index.php\/impresion-dtf-duplicate-614\/","title":{"rendered":"Dotaciones Industriales"},"content":{"rendered":"\t\t<div data-elementor-type=\"wp-page\" data-elementor-id=\"883\" class=\"elementor elementor-883\">\n\t\t\t\t<div class=\"elementor-element elementor-element-c88b346 e-flex e-con-boxed e-con e-parent\" data-id=\"c88b346\" data-element_type=\"container\">\n\t\t\t\t\t<div class=\"e-con-inner\">\n\t\t<div class=\"elementor-element elementor-element-2626a34 e-con-full e-flex e-con e-child\" data-id=\"2626a34\" data-element_type=\"container\">\n\t\t\t\t<div class=\"elementor-element elementor-element-7e11dee elementor-widget elementor-widget-video\" data-id=\"7e11dee\" data-element_type=\"widget\" data-settings=\"{&quot;video_type&quot;:&quot;hosted&quot;,&quot;controls&quot;:&quot;yes&quot;}\" data-widget_type=\"video.default\">\n\t\t\t\t\t\t\t<div class=\"e-hosted-video elementor-wrapper elementor-open-inline\">\n\t\t\t\t\t<video class=\"elementor-video\" src=\"https:\/\/inversionesquitasuenos.com.co\/wp-content\/uploads\/2026\/05\/invesiones-quitasuenos.mp4\" controls=\"\" preload=\"metadata\" controlsList=\"nodownload\"><\/video>\n\t\t\t\t<\/div>\n\t\t\t\t\t\t<\/div>\n\t\t\t\t<div class=\"elementor-element elementor-element-048eef4 elementor-arrows-position-inside elementor-pagination-position-outside elementor-widget elementor-widget-image-carousel\" data-id=\"048eef4\" data-element_type=\"widget\" data-settings=\"{&quot;slides_to_show&quot;:&quot;1&quot;,&quot;navigation&quot;:&quot;both&quot;,&quot;autoplay&quot;:&quot;yes&quot;,&quot;pause_on_hover&quot;:&quot;yes&quot;,&quot;pause_on_interaction&quot;:&quot;yes&quot;,&quot;autoplay_speed&quot;:5000,&quot;infinite&quot;:&quot;yes&quot;,&quot;effect&quot;:&quot;slide&quot;,&quot;speed&quot;:500}\" data-widget_type=\"image-carousel.default\">\n\t\t\t\t\t\t\t<div class=\"elementor-image-carousel-wrapper swiper\" role=\"region\" aria-roledescription=\"carousel\" aria-label=\"Carrusel de im\u00e1genes\" dir=\"ltr\">\n\t\t\t<div class=\"elementor-image-carousel swiper-wrapper\" aria-live=\"off\">\n\t\t\t\t\t\t\t\t<div class=\"swiper-slide\" role=\"group\" aria-roledescription=\"slide\" aria-label=\"1 of 3\"><figure class=\"swiper-slide-inner\"><img decoding=\"async\" class=\"swiper-slide-image\" src=\"https:\/\/inversionesquitasuenos.com.co\/wp-content\/uploads\/2026\/05\/1afd2937-ad30-4447-beab-fe8525e8c5d4.png\" alt=\"1afd2937-ad30-4447-beab-fe8525e8c5d4\" \/><\/figure><\/div><div class=\"swiper-slide\" role=\"group\" aria-roledescription=\"slide\" aria-label=\"2 of 3\"><figure class=\"swiper-slide-inner\"><img decoding=\"async\" class=\"swiper-slide-image\" src=\"https:\/\/inversionesquitasuenos.com.co\/wp-content\/uploads\/2026\/05\/traje-entifluido.png\" alt=\"traje entifluido\" \/><\/figure><\/div><div class=\"swiper-slide\" role=\"group\" aria-roledescription=\"slide\" aria-label=\"3 of 3\"><figure class=\"swiper-slide-inner\"><img decoding=\"async\" class=\"swiper-slide-image\" src=\"https:\/\/inversionesquitasuenos.com.co\/wp-content\/uploads\/2026\/05\/a58723f9-8c13-4686-979f-dd3eb4683eca.png\" alt=\"a58723f9-8c13-4686-979f-dd3eb4683eca\" \/><\/figure><\/div>\t\t\t<\/div>\n\t\t\t\t\t\t\t\t\t\t\t\t<div class=\"elementor-swiper-button elementor-swiper-button-prev\" role=\"button\" tabindex=\"0\">\n\t\t\t\t\t\t<svg aria-hidden=\"true\" class=\"e-font-icon-svg e-eicon-chevron-left\" viewBox=\"0 0 1000 1000\" xmlns=\"http:\/\/www.w3.org\/2000\/svg\"><path d=\"M646 125C629 125 613 133 604 142L308 442C296 454 292 471 292 487 292 504 296 521 308 533L604 854C617 867 629 875 646 875 663 875 679 871 692 858 704 846 713 829 713 812 713 796 708 779 692 767L438 487 692 225C700 217 708 204 708 187 708 171 704 154 692 142 675 129 663 125 646 125Z\"><\/path><\/svg>\t\t\t\t\t<\/div>\n\t\t\t\t\t<div class=\"elementor-swiper-button elementor-swiper-button-next\" role=\"button\" tabindex=\"0\">\n\t\t\t\t\t\t<svg aria-hidden=\"true\" class=\"e-font-icon-svg e-eicon-chevron-right\" viewBox=\"0 0 1000 1000\" xmlns=\"http:\/\/www.w3.org\/2000\/svg\"><path d=\"M696 533C708 521 713 504 713 487 713 471 708 454 696 446L400 146C388 133 375 125 354 125 338 125 325 129 313 142 300 154 292 171 292 187 292 204 296 221 308 233L563 492 304 771C292 783 288 800 288 817 288 833 296 850 308 863 321 871 338 875 354 875 371 875 388 867 400 854L696 533Z\"><\/path><\/svg>\t\t\t\t\t<\/div>\n\t\t\t\t\n\t\t\t\t\t\t\t\t\t<div class=\"swiper-pagination\"><\/div>\n\t\t\t\t\t\t\t\t\t<\/div>\n\t\t\t\t\t\t<\/div>\n\t\t\t\t<\/div>\n\t\t<div class=\"elementor-element elementor-element-e84ff60 e-con-full e-flex e-con e-child\" data-id=\"e84ff60\" data-element_type=\"container\">\n\t\t\t\t<div class=\"elementor-element elementor-element-d73181f elementor-widget elementor-widget-heading\" data-id=\"d73181f\" data-element_type=\"widget\" data-widget_type=\"heading.default\">\n\t\t\t\t\t<h2 class=\"elementor-heading-title elementor-size-default\">Dotaciones industriales<\/h2>\t\t\t\t<\/div>\n\t\t\t\t<div class=\"elementor-element elementor-element-3aa1722 elementor-widget elementor-widget-text-editor\" data-id=\"3aa1722\" data-element_type=\"widget\" data-widget_type=\"text-editor.default\">\n\t\t\t\t\t\t\t\t\t<section class=\"text-token-text-primary w-full focus:outline-none [--shadow-height:45px] has-data-writing-block:pointer-events-none has-data-writing-block:-mt-(--shadow-height) has-data-writing-block:pt-(--shadow-height) [&amp;:has([data-writing-block])&gt;*]:pointer-events-auto [content-visibility:auto] supports-[content-visibility:auto]:[contain-intrinsic-size:auto_100lvh] R6Vx5W_threadScrollVars scroll-mb-[calc(var(--scroll-root-safe-area-inset-bottom,0px)+var(--thread-response-height))] scroll-mt-[calc(var(--header-height)+min(200px,max(70px,20svh)))]\" dir=\"auto\" data-turn-id=\"request-WEB:580c4294-b758-4d35-8049-73f7a9012aff-0\" data-testid=\"conversation-turn-2\" data-scroll-anchor=\"false\" data-turn=\"assistant\"><div class=\"text-base my-auto mx-auto pb-10 [--thread-content-margin:var(--thread-content-margin-xs,calc(var(--spacing)*4))] @w-sm\/main:[--thread-content-margin:var(--thread-content-margin-sm,calc(var(--spacing)*6))] @w-lg\/main:[--thread-content-margin:var(--thread-content-margin-lg,calc(var(--spacing)*16))] px-(--thread-content-margin)\"><div class=\"[--thread-content-max-width:40rem] @w-lg\/main:[--thread-content-max-width:48rem] mx-auto max-w-(--thread-content-max-width) flex-1 group\/turn-messages focus-visible:outline-hidden relative flex w-full min-w-0 flex-col agent-turn\"><div class=\"flex max-w-full flex-col gap-4 grow\"><div class=\"min-h-8 text-message relative flex w-full flex-col items-end gap-2 text-start break-words whitespace-normal outline-none keyboard-focused:focus-ring [.text-message+&amp;]:mt-1\" dir=\"auto\" tabindex=\"0\" data-message-author-role=\"assistant\" data-message-id=\"0314db6f-1bcf-44f5-a79a-52b9f3065b95\" data-message-model-slug=\"gpt-5-5\" data-turn-start-message=\"true\"><div class=\"flex w-full flex-col gap-1 empty:hidden\"><div class=\"markdown prose dark:prose-invert wrap-break-word w-full light markdown-new-styling\"><p data-start=\"28\" data-end=\"394\">En nuestra l\u00ednea de dotaciones industriales ofrecemos soluciones integrales para empresas que buscan seguridad, comodidad e imagen profesional para su equipo de trabajo. Contamos con productos de alta calidad dise\u00f1ados para diferentes sectores industriales, comerciales y operativos, garantizando resistencia, funcionalidad y cumplimiento de est\u00e1ndares de seguridad.<\/p><h3 data-section-id=\"15oh1be\" data-start=\"396\" data-end=\"417\">\u00c1reas de Dotaci\u00f3n<\/h3><ul data-start=\"419\" data-end=\"1286\"><li data-section-id=\"104l2es\" data-start=\"419\" data-end=\"614\"><strong data-start=\"421\" data-end=\"463\">EPP \u2013 Elementos de Protecci\u00f3n Personal<\/strong><br data-start=\"463\" data-end=\"466\" \/>Protecci\u00f3n especializada para la seguridad de los trabajadores: cascos, guantes, gafas, botas, protectores auditivos, respiradores, arneses y m\u00e1s.<\/li><li data-section-id=\"m49032\" data-start=\"616\" data-end=\"801\"><strong data-start=\"618\" data-end=\"659\">Uniformes Industriales y Corporativos<\/strong><br data-start=\"659\" data-end=\"662\" \/>Dise\u00f1os funcionales y personalizados para diferentes \u00e1reas laborales, elaborados con materiales resistentes y c\u00f3modos para el uso diario.<\/li><li data-section-id=\"1ff099h\" data-start=\"803\" data-end=\"978\"><strong data-start=\"805\" data-end=\"843\">Camisas Empresariales y Operativas<\/strong><br data-start=\"843\" data-end=\"846\" \/>Camisas corporativas, t\u00e1cticas e industriales con opciones de personalizaci\u00f3n, ideales para fortalecer la identidad de la empresa.<\/li><li data-section-id=\"10i1fp2\" data-start=\"980\" data-end=\"1130\"><strong data-start=\"982\" data-end=\"1004\">Equipos de Trabajo<\/strong><br data-start=\"1004\" data-end=\"1007\" \/>Suministro de equipos especializados para operaci\u00f3n, mantenimiento y labores t\u00e9cnicas en distintos entornos industriales.<\/li><li data-section-id=\"1aoh2bt\" data-start=\"1132\" data-end=\"1286\"><strong data-start=\"1134\" data-end=\"1161\">Herramientas de Trabajo<\/strong><br data-start=\"1161\" data-end=\"1164\" \/>Herramientas manuales y equipos de apoyo de alta calidad para optimizar los procesos y mejorar la productividad laboral.<\/li><\/ul><p data-start=\"1288\" data-end=\"1464\" data-is-last-node=\"\" data-is-only-node=\"\">Brindamos asesor\u00eda personalizada para ayudar a cada empresa a encontrar las mejores soluciones en dotaci\u00f3n industrial, adaptadas a sus necesidades y requerimientos espec\u00edficos.<\/p><\/div><\/div><\/div><\/div><div class=\"z-0 flex min-h-[46px] justify-start\">\u00a0<\/div><\/div><\/div><\/section><div class=\"pointer-events-none -mt-px h-px translate-y-[calc(var(--scroll-root-safe-area-inset-bottom)-14*var(--spacing))]\" aria-hidden=\"true\">\u00a0<\/div>\t\t\t\t\t\t\t\t<\/div>\n\t\t\t\t<div class=\"elementor-element elementor-element-e0ec79f elementor-widget elementor-widget-button\" data-id=\"e0ec79f\" data-element_type=\"widget\" data-widget_type=\"button.default\">\n\t\t\t\t\t\t\t\t\t\t<a class=\"elementor-button elementor-button-link elementor-size-sm\" href=\"https:\/\/api.whatsapp.com\/send\/?phone=573208024018&#038;text=Hola%2C+Quisiera+solicitar\">\n\t\t\t\t\t\t<span class=\"elementor-button-content-wrapper\">\n\t\t\t\t\t\t\t\t\t<span class=\"elementor-button-text\">Comunicate Con Un Asesor<\/span>\n\t\t\t\t\t<\/span>\n\t\t\t\t\t<\/a>\n\t\t\t\t\t\t\t\t<\/div>\n\t\t\t\t<\/div>\n\t\t\t\t\t<\/div>\n\t\t\t\t<\/div>\n\t\t\t\t<\/div>\n\t\t","protected":false},"excerpt":{"rendered":"<p>https:\/\/inversionesquitasuenos.com.co\/wp-content\/uploads\/2026\/05\/invesiones-quitasuenos.mp4 Dotaciones industriales En nuestra l\u00ednea de dotaciones industriales ofrecemos soluciones integrales para empresas que buscan seguridad, comodidad e imagen profesional para su equipo de trabajo. Contamos con productos de alta calidad dise\u00f1ados para diferentes sectores industriales, comerciales y operativos, garantizando resistencia, funcionalidad y cumplimiento de est\u00e1ndares de seguridad. \u00c1reas de Dotaci\u00f3n EPP \u2013 Elementos &hellip;<\/p>\n","protected":false},"author":1,"featured_media":0,"parent":0,"menu_order":0,"comment_status":"closed","ping_status":"closed","template":"","meta":{"footnotes":""},"class_list":["post-883","page","type-page","status-publish","hentry"],"_links":{"self":[{"href":"https:\/\/inversionesquitasuenos.com.co\/index.php\/wp-json\/wp\/v2\/pages\/883","targetHints":{"allow":["GET"]}}],"collection":[{"href":"https:\/\/inversionesquitasuenos.com.co\/index.php\/wp-json\/wp\/v2\/pages"}],"about":[{"href":"https:\/\/inversionesquitasuenos.com.co\/index.php\/wp-json\/wp\/v2\/types\/page"}],"author":[{"embeddable":true,"href":"https:\/\/inversionesquitasuenos.com.co\/index.php\/wp-json\/wp\/v2\/users\/1"}],"replies":[{"embeddable":true,"href":"https:\/\/inversionesquitasuenos.com.co\/index.php\/wp-json\/wp\/v2\/comments?post=883"}],"version-history":[{"count":23,"href":"https:\/\/inversionesquitasuenos.com.co\/index.php\/wp-json\/wp\/v2\/pages\/883\/revisions"}],"predecessor-version":[{"id":914,"href":"https:\/\/inversionesquitasuenos.com.co\/index.php\/wp-json\/wp\/v2\/pages\/883\/revisions\/914"}],"wp:attachment":[{"href":"https:\/\/inversionesquitasuenos.com.co\/index.php\/wp-json\/wp\/v2\/media?parent=883"}],"curies":[{"name":"wp","href":"https:\/\/api.w.org\/{rel}","templated":true}]}}