{"id":726,"date":"2025-11-12T16:17:37","date_gmt":"2025-11-12T21:17:37","guid":{"rendered":"https:\/\/inversionesquitasuenos.com.co\/?page_id=726"},"modified":"2025-11-12T16:27:01","modified_gmt":"2025-11-12T21:27:01","slug":"impresion-ofset","status":"publish","type":"page","link":"https:\/\/inversionesquitasuenos.com.co\/index.php\/impresion-ofset\/","title":{"rendered":"Impresi\u00f3n Ofset"},"content":{"rendered":"\t\t<div data-elementor-type=\"wp-page\" data-elementor-id=\"726\" class=\"elementor elementor-726\">\n\t\t\t\t<div class=\"elementor-element elementor-element-d107dca e-flex e-con-boxed e-con e-parent\" data-id=\"d107dca\" data-element_type=\"container\">\n\t\t\t\t\t<div class=\"e-con-inner\">\n\t\t<div class=\"elementor-element elementor-element-e45a522 e-con-full e-flex e-con e-child\" data-id=\"e45a522\" data-element_type=\"container\">\n\t\t\t\t<div class=\"elementor-element elementor-element-ef4ce75 elementor-widget elementor-widget-image\" data-id=\"ef4ce75\" data-element_type=\"widget\" data-widget_type=\"image.default\">\n\t\t\t\t\t\t\t\t\t\t\t\t\t\t\t<img fetchpriority=\"high\" decoding=\"async\" width=\"724\" height=\"1024\" src=\"https:\/\/inversionesquitasuenos.com.co\/wp-content\/uploads\/2025\/11\/ofset.png\" class=\"attachment-large size-large wp-image-719\" alt=\"\" srcset=\"https:\/\/inversionesquitasuenos.com.co\/wp-content\/uploads\/2025\/11\/ofset.png 724w, https:\/\/inversionesquitasuenos.com.co\/wp-content\/uploads\/2025\/11\/ofset-212x300.png 212w\" sizes=\"(max-width: 724px) 100vw, 724px\" \/>\t\t\t\t\t\t\t\t\t\t\t\t\t\t\t<\/div>\n\t\t\t\t<\/div>\n\t\t<div class=\"elementor-element elementor-element-83cc8b6 e-con-full e-flex e-con e-child\" data-id=\"83cc8b6\" data-element_type=\"container\">\n\t\t\t\t<div class=\"elementor-element elementor-element-df73542 elementor-widget elementor-widget-text-editor\" data-id=\"df73542\" data-element_type=\"widget\" data-widget_type=\"text-editor.default\">\n\t\t\t\t\t\t\t\t\t<h1><strong>IMPRESI\u00d3N OFSET<\/strong><\/h1>\t\t\t\t\t\t\t\t<\/div>\n\t\t\t\t<div class=\"elementor-element elementor-element-2ae1d7f elementor-widget elementor-widget-text-editor\" data-id=\"2ae1d7f\" data-element_type=\"widget\" data-widget_type=\"text-editor.default\">\n\t\t\t\t\t\t\t\t\t<p>Impresi\u00f3n a trav\u00e9s de planchas met\u00e1licas por transferencia, ideal para impresi\u00f3n de papeler\u00eda por pigmentaci\u00f3n de colores CMYK, Ahorra costos, en grandes tirajes de producci\u00f3n o maneja trabajos de gran calidad a una sola tinta.<\/p>\t\t\t\t\t\t\t\t<\/div>\n\t\t\t\t<div class=\"elementor-element elementor-element-a00ab44 elementor-widget elementor-widget-button\" data-id=\"a00ab44\" data-element_type=\"widget\" data-widget_type=\"button.default\">\n\t\t\t\t\t\t\t\t\t\t<a class=\"elementor-button elementor-button-link elementor-size-sm\" href=\"https:\/\/api.whatsapp.com\/send\/?phone=573208024018&#038;text=Hola%2C+Quisiera+solicitar\">\n\t\t\t\t\t\t<span class=\"elementor-button-content-wrapper\">\n\t\t\t\t\t\t\t\t\t<span class=\"elementor-button-text\">Solicita una cotizaci\u00f3n<\/span>\n\t\t\t\t\t<\/span>\n\t\t\t\t\t<\/a>\n\t\t\t\t\t\t\t\t<\/div>\n\t\t\t\t<div class=\"elementor-element elementor-element-9ef7c33 elementor-widget elementor-widget-image\" data-id=\"9ef7c33\" data-element_type=\"widget\" data-widget_type=\"image.default\">\n\t\t\t\t\t\t\t\t\t\t\t\t\t\t\t<img decoding=\"async\" width=\"1024\" height=\"556\" src=\"https:\/\/inversionesquitasuenos.com.co\/wp-content\/uploads\/2025\/11\/102410281-1024x556.jpg\" class=\"attachment-large size-large wp-image-738\" alt=\"\" srcset=\"https:\/\/inversionesquitasuenos.com.co\/wp-content\/uploads\/2025\/11\/102410281-1024x556.jpg 1024w, https:\/\/inversionesquitasuenos.com.co\/wp-content\/uploads\/2025\/11\/102410281-300x163.jpg 300w, https:\/\/inversionesquitasuenos.com.co\/wp-content\/uploads\/2025\/11\/102410281-768x417.jpg 768w, https:\/\/inversionesquitasuenos.com.co\/wp-content\/uploads\/2025\/11\/102410281-1536x834.jpg 1536w, https:\/\/inversionesquitasuenos.com.co\/wp-content\/uploads\/2025\/11\/102410281-2048x1112.jpg 2048w\" sizes=\"(max-width: 1024px) 100vw, 1024px\" \/>\t\t\t\t\t\t\t\t\t\t\t\t\t\t\t<\/div>\n\t\t\t\t<\/div>\n\t\t\t\t\t<\/div>\n\t\t\t\t<\/div>\n\t\t\t\t<\/div>\n\t\t","protected":false},"excerpt":{"rendered":"<p>IMPRESI\u00d3N OFSET Impresi\u00f3n a trav\u00e9s de planchas met\u00e1licas por transferencia, ideal para impresi\u00f3n de papeler\u00eda por pigmentaci\u00f3n de colores CMYK, Ahorra costos, en grandes tirajes de producci\u00f3n o maneja trabajos de gran calidad a una sola tinta. Solicita una cotizaci\u00f3n<\/p>\n","protected":false},"author":1,"featured_media":0,"parent":0,"menu_order":0,"comment_status":"closed","ping_status":"closed","template":"","meta":{"footnotes":""},"class_list":["post-726","page","type-page","status-publish","hentry"],"_links":{"self":[{"href":"https:\/\/inversionesquitasuenos.com.co\/index.php\/wp-json\/wp\/v2\/pages\/726","targetHints":{"allow":["GET"]}}],"collection":[{"href":"https:\/\/inversionesquitasuenos.com.co\/index.php\/wp-json\/wp\/v2\/pages"}],"about":[{"href":"https:\/\/inversionesquitasuenos.com.co\/index.php\/wp-json\/wp\/v2\/types\/page"}],"author":[{"embeddable":true,"href":"https:\/\/inversionesquitasuenos.com.co\/index.php\/wp-json\/wp\/v2\/users\/1"}],"replies":[{"embeddable":true,"href":"https:\/\/inversionesquitasuenos.com.co\/index.php\/wp-json\/wp\/v2\/comments?post=726"}],"version-history":[{"count":31,"href":"https:\/\/inversionesquitasuenos.com.co\/index.php\/wp-json\/wp\/v2\/pages\/726\/revisions"}],"predecessor-version":[{"id":759,"href":"https:\/\/inversionesquitasuenos.com.co\/index.php\/wp-json\/wp\/v2\/pages\/726\/revisions\/759"}],"wp:attachment":[{"href":"https:\/\/inversionesquitasuenos.com.co\/index.php\/wp-json\/wp\/v2\/media?parent=726"}],"curies":[{"name":"wp","href":"https:\/\/api.w.org\/{rel}","templated":true}]}}