{"id":614,"date":"2025-11-05T15:01:39","date_gmt":"2025-11-05T20:01:39","guid":{"rendered":"https:\/\/inversionesquitasuenos.com.co\/?page_id=614"},"modified":"2025-11-05T15:06:44","modified_gmt":"2025-11-05T20:06:44","slug":"impresion-dtf","status":"publish","type":"page","link":"https:\/\/inversionesquitasuenos.com.co\/index.php\/impresion-dtf\/","title":{"rendered":"Impresi\u00f3n DTF"},"content":{"rendered":"\t\t<div data-elementor-type=\"wp-page\" data-elementor-id=\"614\" class=\"elementor elementor-614\">\n\t\t\t\t<div class=\"elementor-element elementor-element-c88b346 e-flex e-con-boxed e-con e-parent\" data-id=\"c88b346\" data-element_type=\"container\">\n\t\t\t\t\t<div class=\"e-con-inner\">\n\t\t<div class=\"elementor-element elementor-element-2626a34 e-con-full e-flex e-con e-child\" data-id=\"2626a34\" data-element_type=\"container\">\n\t\t\t\t<div class=\"elementor-element elementor-element-3f512b9 elementor-widget elementor-widget-image\" data-id=\"3f512b9\" data-element_type=\"widget\" data-widget_type=\"image.default\">\n\t\t\t\t\t\t\t\t\t\t\t\t\t\t\t<img fetchpriority=\"high\" decoding=\"async\" width=\"1024\" height=\"658\" src=\"https:\/\/inversionesquitasuenos.com.co\/wp-content\/uploads\/2025\/11\/DTF-Xpress-Ink-Cost-Reduction-1-1024x658.jpg\" class=\"attachment-large size-large wp-image-619\" alt=\"\" srcset=\"https:\/\/inversionesquitasuenos.com.co\/wp-content\/uploads\/2025\/11\/DTF-Xpress-Ink-Cost-Reduction-1-1024x658.jpg 1024w, https:\/\/inversionesquitasuenos.com.co\/wp-content\/uploads\/2025\/11\/DTF-Xpress-Ink-Cost-Reduction-1-300x193.jpg 300w, https:\/\/inversionesquitasuenos.com.co\/wp-content\/uploads\/2025\/11\/DTF-Xpress-Ink-Cost-Reduction-1-768x494.jpg 768w, https:\/\/inversionesquitasuenos.com.co\/wp-content\/uploads\/2025\/11\/DTF-Xpress-Ink-Cost-Reduction-1.jpg 1400w\" sizes=\"(max-width: 1024px) 100vw, 1024px\" \/>\t\t\t\t\t\t\t\t\t\t\t\t\t\t\t<\/div>\n\t\t\t\t<\/div>\n\t\t<div class=\"elementor-element elementor-element-e84ff60 e-con-full e-flex e-con e-child\" data-id=\"e84ff60\" data-element_type=\"container\">\n\t\t\t\t<div class=\"elementor-element elementor-element-d73181f elementor-widget elementor-widget-heading\" data-id=\"d73181f\" data-element_type=\"widget\" data-widget_type=\"heading.default\">\n\t\t\t\t\t<h2 class=\"elementor-heading-title elementor-size-default\">IMPRESI\u00d3N DTF<\/h2>\t\t\t\t<\/div>\n\t\t\t\t<div class=\"elementor-element elementor-element-3aa1722 elementor-widget elementor-widget-text-editor\" data-id=\"3aa1722\" data-element_type=\"widget\" data-widget_type=\"text-editor.default\">\n\t\t\t\t\t\t\t\t\t<p>L\u00ednea textil donde podemos estampar tus ideas, tu marca en cualquier producto. podemos realizar piezas desde las mas peque\u00f1as hasta 60cm de ancho<\/p>\t\t\t\t\t\t\t\t<\/div>\n\t\t\t\t<div class=\"elementor-element elementor-element-e0ec79f elementor-widget elementor-widget-button\" data-id=\"e0ec79f\" data-element_type=\"widget\" data-widget_type=\"button.default\">\n\t\t\t\t\t\t\t\t\t\t<a class=\"elementor-button elementor-button-link elementor-size-sm\" href=\"https:\/\/api.whatsapp.com\/send\/?phone=573208024018&#038;text=Hola%2C+Quisiera+solicitar\">\n\t\t\t\t\t\t<span class=\"elementor-button-content-wrapper\">\n\t\t\t\t\t\t\t\t\t<span class=\"elementor-button-text\">Comunicate Con Un Asesor<\/span>\n\t\t\t\t\t<\/span>\n\t\t\t\t\t<\/a>\n\t\t\t\t\t\t\t\t<\/div>\n\t\t\t\t<\/div>\n\t\t\t\t\t<\/div>\n\t\t\t\t<\/div>\n\t\t\t\t<\/div>\n\t\t","protected":false},"excerpt":{"rendered":"<p>IMPRESI\u00d3N DTF L\u00ednea textil donde podemos estampar tus ideas, tu marca en cualquier producto. podemos realizar piezas desde las mas peque\u00f1as hasta 60cm de ancho Comunicate Con Un Asesor<\/p>\n","protected":false},"author":1,"featured_media":0,"parent":0,"menu_order":0,"comment_status":"closed","ping_status":"closed","template":"","meta":{"footnotes":""},"class_list":["post-614","page","type-page","status-publish","hentry"],"_links":{"self":[{"href":"https:\/\/inversionesquitasuenos.com.co\/index.php\/wp-json\/wp\/v2\/pages\/614","targetHints":{"allow":["GET"]}}],"collection":[{"href":"https:\/\/inversionesquitasuenos.com.co\/index.php\/wp-json\/wp\/v2\/pages"}],"about":[{"href":"https:\/\/inversionesquitasuenos.com.co\/index.php\/wp-json\/wp\/v2\/types\/page"}],"author":[{"embeddable":true,"href":"https:\/\/inversionesquitasuenos.com.co\/index.php\/wp-json\/wp\/v2\/users\/1"}],"replies":[{"embeddable":true,"href":"https:\/\/inversionesquitasuenos.com.co\/index.php\/wp-json\/wp\/v2\/comments?post=614"}],"version-history":[{"count":16,"href":"https:\/\/inversionesquitasuenos.com.co\/index.php\/wp-json\/wp\/v2\/pages\/614\/revisions"}],"predecessor-version":[{"id":632,"href":"https:\/\/inversionesquitasuenos.com.co\/index.php\/wp-json\/wp\/v2\/pages\/614\/revisions\/632"}],"wp:attachment":[{"href":"https:\/\/inversionesquitasuenos.com.co\/index.php\/wp-json\/wp\/v2\/media?parent=614"}],"curies":[{"name":"wp","href":"https:\/\/api.w.org\/{rel}","templated":true}]}}