{"id":487,"date":"2025-11-05T13:24:32","date_gmt":"2025-11-05T18:24:32","guid":{"rendered":"https:\/\/inversionesquitasuenos.com.co\/?page_id=487"},"modified":"2025-11-05T13:49:51","modified_gmt":"2025-11-05T18:49:51","slug":"avisos","status":"publish","type":"page","link":"https:\/\/inversionesquitasuenos.com.co\/index.php\/avisos\/","title":{"rendered":"Avisos"},"content":{"rendered":"\t\t<div data-elementor-type=\"wp-page\" data-elementor-id=\"487\" class=\"elementor elementor-487\">\n\t\t\t\t<div class=\"elementor-element elementor-element-38c2278 e-flex e-con-boxed e-con e-parent\" data-id=\"38c2278\" data-element_type=\"container\">\n\t\t\t\t\t<div class=\"e-con-inner\">\n\t\t<div class=\"elementor-element elementor-element-32ea967 e-con-full e-flex e-con e-child\" data-id=\"32ea967\" data-element_type=\"container\">\n\t\t\t\t<div class=\"elementor-element elementor-element-04ebb33 elementor-widget elementor-widget-image\" data-id=\"04ebb33\" data-element_type=\"widget\" data-widget_type=\"image.default\">\n\t\t\t\t\t\t\t\t\t\t\t\t\t\t\t<img fetchpriority=\"high\" decoding=\"async\" width=\"724\" height=\"1024\" src=\"https:\/\/inversionesquitasuenos.com.co\/wp-content\/uploads\/2025\/11\/avisos-724x1024.png\" class=\"attachment-large size-large wp-image-51\" alt=\"\" srcset=\"https:\/\/inversionesquitasuenos.com.co\/wp-content\/uploads\/2025\/11\/avisos-724x1024.png 724w, https:\/\/inversionesquitasuenos.com.co\/wp-content\/uploads\/2025\/11\/avisos-212x300.png 212w, https:\/\/inversionesquitasuenos.com.co\/wp-content\/uploads\/2025\/11\/avisos-768x1087.png 768w, https:\/\/inversionesquitasuenos.com.co\/wp-content\/uploads\/2025\/11\/avisos-1086x1536.png 1086w, https:\/\/inversionesquitasuenos.com.co\/wp-content\/uploads\/2025\/11\/avisos.png 1200w\" sizes=\"(max-width: 724px) 100vw, 724px\" \/>\t\t\t\t\t\t\t\t\t\t\t\t\t\t\t<\/div>\n\t\t\t\t<\/div>\n\t\t<div class=\"elementor-element elementor-element-8be5070 e-con-full e-flex e-con e-child\" data-id=\"8be5070\" data-element_type=\"container\">\n\t\t\t\t<div class=\"elementor-element elementor-element-c64da4a elementor-widget elementor-widget-heading\" data-id=\"c64da4a\" data-element_type=\"widget\" data-widget_type=\"heading.default\">\n\t\t\t\t\t<h2 class=\"elementor-heading-title elementor-size-default\">AVISOS<\/h2>\t\t\t\t<\/div>\n\t\t\t\t<div class=\"elementor-element elementor-element-b1760ba elementor-widget elementor-widget-text-editor\" data-id=\"b1760ba\" data-element_type=\"widget\" data-widget_type=\"text-editor.default\">\n\t\t\t\t\t\t\t\t\t<p>Manejamos todo tipo de avisos en diferentes materiales para que generes una imag\u00e9n corporativa moderna y \u00fanica para tu marca, lo que te permite diferenciarte de comercios tradicionales.<\/p><ul><li>Avisos en Acrilico con cajas De luz<\/li><li>Neoflex:\u00a0Los avisos de Ne\u00f3n Flex son una versi\u00f3n evolucionada y m\u00e1s segura de las luces de ne\u00f3n tradicionales. Pueden usarse pr\u00e1cticamente en cualquier lugar<\/li><li><p>Alucobon: Es un panel formado por dos l\u00e1minas de aluminio\u00a0y en el centro est\u00e1 relleno de un agregado mineral no inflamable, sin\u00f3nimo de calidad de construcci\u00f3n\u00a0<\/p><\/li><li>Avisos En 3d .<\/li><\/ul>\t\t\t\t\t\t\t\t<\/div>\n\t\t\t\t<div class=\"elementor-element elementor-element-1ebdf49 elementor-widget elementor-widget-button\" data-id=\"1ebdf49\" data-element_type=\"widget\" data-widget_type=\"button.default\">\n\t\t\t\t\t\t\t\t\t\t<a class=\"elementor-button elementor-button-link elementor-size-sm\" href=\"http:\/\/Los%20avisos%20de%20Ne\u00f3n%20Flex%20son%20una%20versi\u00f3n%20evolucionada%20y%20m\u00e1s%20segura%20de%20las%20luces%20de%20ne\u00f3n%20tradicionales.%20Pueden%20usarse%20pr\u00e1cticamente%20en%20cualquier%20lugar\">\n\t\t\t\t\t\t<span class=\"elementor-button-content-wrapper\">\n\t\t\t\t\t\t\t\t\t<span class=\"elementor-button-text\">Comunicaate Con un Asesor<\/span>\n\t\t\t\t\t<\/span>\n\t\t\t\t\t<\/a>\n\t\t\t\t\t\t\t\t<\/div>\n\t\t\t\t<\/div>\n\t\t\t\t\t<\/div>\n\t\t\t\t<\/div>\n\t\t\t\t<\/div>\n\t\t","protected":false},"excerpt":{"rendered":"<p>AVISOS Manejamos todo tipo de avisos en diferentes materiales para que generes una imag\u00e9n corporativa moderna y \u00fanica para tu marca, lo que te permite diferenciarte de comercios tradicionales. Avisos en Acrilico con cajas De luz Neoflex:\u00a0Los avisos de Ne\u00f3n Flex son una versi\u00f3n evolucionada y m\u00e1s segura de las luces de ne\u00f3n tradicionales. Pueden &hellip;<\/p>\n","protected":false},"author":1,"featured_media":0,"parent":0,"menu_order":0,"comment_status":"closed","ping_status":"closed","template":"","meta":{"footnotes":""},"class_list":["post-487","page","type-page","status-publish","hentry"],"_links":{"self":[{"href":"https:\/\/inversionesquitasuenos.com.co\/index.php\/wp-json\/wp\/v2\/pages\/487","targetHints":{"allow":["GET"]}}],"collection":[{"href":"https:\/\/inversionesquitasuenos.com.co\/index.php\/wp-json\/wp\/v2\/pages"}],"about":[{"href":"https:\/\/inversionesquitasuenos.com.co\/index.php\/wp-json\/wp\/v2\/types\/page"}],"author":[{"embeddable":true,"href":"https:\/\/inversionesquitasuenos.com.co\/index.php\/wp-json\/wp\/v2\/users\/1"}],"replies":[{"embeddable":true,"href":"https:\/\/inversionesquitasuenos.com.co\/index.php\/wp-json\/wp\/v2\/comments?post=487"}],"version-history":[{"count":43,"href":"https:\/\/inversionesquitasuenos.com.co\/index.php\/wp-json\/wp\/v2\/pages\/487\/revisions"}],"predecessor-version":[{"id":535,"href":"https:\/\/inversionesquitasuenos.com.co\/index.php\/wp-json\/wp\/v2\/pages\/487\/revisions\/535"}],"wp:attachment":[{"href":"https:\/\/inversionesquitasuenos.com.co\/index.php\/wp-json\/wp\/v2\/media?parent=487"}],"curies":[{"name":"wp","href":"https:\/\/api.w.org\/{rel}","templated":true}]}}