{"id":402,"date":"2025-11-05T12:14:34","date_gmt":"2025-11-05T17:14:34","guid":{"rendered":"https:\/\/inversionesquitasuenos.com.co\/?page_id=402"},"modified":"2026-01-29T11:05:11","modified_gmt":"2026-01-29T16:05:11","slug":"empresa","status":"publish","type":"page","link":"https:\/\/inversionesquitasuenos.com.co\/index.php\/empresa\/","title":{"rendered":"Empresa"},"content":{"rendered":"\t\t<div data-elementor-type=\"wp-page\" data-elementor-id=\"402\" class=\"elementor elementor-402\">\n\t\t\t\t<div class=\"elementor-element elementor-element-479617c e-con-full e-flex e-con e-parent\" data-id=\"479617c\" data-element_type=\"container\">\n\t\t<div class=\"elementor-element elementor-element-18f7a20 e-con-full e-flex e-con e-child\" data-id=\"18f7a20\" data-element_type=\"container\">\n\t\t\t\t<div class=\"elementor-element elementor-element-a8fa27f elementor-widget elementor-widget-video\" data-id=\"a8fa27f\" data-element_type=\"widget\" data-settings=\"{&quot;video_type&quot;:&quot;hosted&quot;,&quot;controls&quot;:&quot;yes&quot;}\" data-widget_type=\"video.default\">\n\t\t\t\t\t\t\t<div class=\"e-hosted-video elementor-wrapper elementor-open-inline\">\n\t\t\t\t\t<video class=\"elementor-video\" src=\"https:\/\/inversionesquitasuenos.com.co\/wp-content\/uploads\/2025\/11\/para-celular.mp4\" controls=\"\" preload=\"metadata\" controlsList=\"nodownload\"><\/video>\n\t\t\t\t<\/div>\n\t\t\t\t\t\t<\/div>\n\t\t\t\t<\/div>\n\t\t<div class=\"elementor-element elementor-element-311fbad e-con-full e-flex e-con e-child\" data-id=\"311fbad\" data-element_type=\"container\">\n\t\t\t\t<div class=\"elementor-element elementor-element-dd93f86 elementor-widget elementor-widget-heading\" data-id=\"dd93f86\" data-element_type=\"widget\" data-widget_type=\"heading.default\">\n\t\t\t\t\t<h2 class=\"elementor-heading-title elementor-size-default\">\u00bfA Qu\u00e9 Nos Dedicamos..?<\/h2>\t\t\t\t<\/div>\n\t\t\t\t<div class=\"elementor-element elementor-element-5acf2a4 elementor-widget elementor-widget-text-editor\" data-id=\"5acf2a4\" data-element_type=\"widget\" data-widget_type=\"text-editor.default\">\n\t\t\t\t\t\t\t\t\t<p>Contamos con un equipo profesional con el cual logramos obtener un gran rendimiento y calidad \u00f3ptima en nuestros trabajos.<\/p><p>Elaboramos toda clase de impresi\u00f3n en vinilos, banner, microperforado,<br \/>mesh, stikers, frost, entre otros<\/p><ul><li>Impresi\u00f3n Litografica\u00a0<\/li><li>Impresi\u00f3n por Sublimaaci\u00f3n<\/li><li>Imprec\u00f3n DTF<\/li><li>Impresi\u00f3n Digital<\/li><li>Impresi\u00f3n a Gran Formato<\/li><li>Avisos<\/li><\/ul>\t\t\t\t\t\t\t\t<\/div>\n\t\t\t\t<div class=\"elementor-element elementor-element-faae70a elementor-widget elementor-widget-button\" data-id=\"faae70a\" data-element_type=\"widget\" data-widget_type=\"button.default\">\n\t\t\t\t\t\t\t\t\t\t<a class=\"elementor-button elementor-button-link elementor-size-sm\" href=\"https:\/\/api.whatsapp.com\/send\/?phone=573208024018&#038;text=Hola%2C+Quisiera+solicitar\">\n\t\t\t\t\t\t<span class=\"elementor-button-content-wrapper\">\n\t\t\t\t\t\t\t\t\t<span class=\"elementor-button-text\">Comunicate con un asesor<\/span>\n\t\t\t\t\t<\/span>\n\t\t\t\t\t<\/a>\n\t\t\t\t\t\t\t\t<\/div>\n\t\t\t\t<\/div>\n\t\t\t\t<\/div>\n\t\t<div class=\"elementor-element elementor-element-d85c03d e-flex e-con-boxed e-con e-parent\" data-id=\"d85c03d\" data-element_type=\"container\">\n\t\t\t\t\t<div class=\"e-con-inner\">\n\t\t<div class=\"elementor-element elementor-element-7b562b8 e-con-full e-flex e-con e-child\" data-id=\"7b562b8\" data-element_type=\"container\">\n\t\t\t\t<div class=\"elementor-element elementor-element-253c365 elementor-widget elementor-widget-heading\" data-id=\"253c365\" data-element_type=\"widget\" data-widget_type=\"heading.default\">\n\t\t\t\t\t<h2 class=\"elementor-heading-title elementor-size-default\">Nuestra Empresa<\/h2>\t\t\t\t<\/div>\n\t\t\t\t<div class=\"elementor-element elementor-element-e63da59 elementor-widget elementor-widget-text-editor\" data-id=\"e63da59\" data-element_type=\"widget\" data-widget_type=\"text-editor.default\">\n\t\t\t\t\t\t\t\t\t<p>Somos una empresa multifuncional dedicada a la impresi\u00f3n y eleboraci\u00f3n de piezas publicitarias para el comercio, Instutuciones publicas o privadas y campa\u00f1as pol\u00edticas,<\/p><p>Contamos con amplia experiencia en\u00a0 la contrataci\u00f3n de licitaciones , manej\u00e1mos nuestra propia infraestructura, lo que nos permite dar al el usuario final,\u00a0 costos competitivos.<\/p>\t\t\t\t\t\t\t\t<\/div>\n\t\t\t\t<\/div>\n\t\t<div class=\"elementor-element elementor-element-a041c40 e-con-full e-flex e-con e-child\" data-id=\"a041c40\" data-element_type=\"container\">\n\t\t\t\t<div class=\"elementor-element elementor-element-f6d494c elementor-widget elementor-widget-heading\" data-id=\"f6d494c\" data-element_type=\"widget\" data-widget_type=\"heading.default\">\n\t\t\t\t\t<h2 class=\"elementor-heading-title elementor-size-default\">Nuestra Misi\u00f3n<\/h2>\t\t\t\t<\/div>\n\t\t\t\t<div class=\"elementor-element elementor-element-9d1b4b1 elementor-widget elementor-widget-text-editor\" data-id=\"9d1b4b1\" data-element_type=\"widget\" data-widget_type=\"text-editor.default\">\n\t\t\t\t\t\t\t\t\t<p>Est\u00e1mos comprometidos con nuestros clientes y en los \u00faltimos a\u00f1os hemos hecho grandes esfuerzos en el mejoramiento de tecnolog\u00edas capacitanddo constantemente a quienes hacen parte de nuestro equipo de trabajo, Esto nos permite generar mejores costos para nuestros clientes , contamos con los recursos para manejar grandes producciones con excelente calidad<\/p>\t\t\t\t\t\t\t\t<\/div>\n\t\t\t\t<\/div>\n\t\t\t\t\t<\/div>\n\t\t\t\t<\/div>\n\t\t<div class=\"elementor-element elementor-element-3195b03 e-flex e-con-boxed e-con e-parent\" data-id=\"3195b03\" data-element_type=\"container\">\n\t\t\t\t\t<div class=\"e-con-inner\">\n\t\t<div class=\"elementor-element elementor-element-c335ff7 e-con-full e-flex e-con e-child\" data-id=\"c335ff7\" data-element_type=\"container\">\n\t\t\t\t<div class=\"elementor-element elementor-element-38d495a elementor-widget elementor-widget-heading\" data-id=\"38d495a\" data-element_type=\"widget\" data-widget_type=\"heading.default\">\n\t\t\t\t\t<h2 class=\"elementor-heading-title elementor-size-default\">Nuestra Visi\u00f3n<\/h2>\t\t\t\t<\/div>\n\t\t\t\t<div class=\"elementor-element elementor-element-b2821ea elementor-widget elementor-widget-text-editor\" data-id=\"b2821ea\" data-element_type=\"widget\" data-widget_type=\"text-editor.default\">\n\t\t\t\t\t\t\t\t\t<p>Nos Comprometemos con obtener un crecimiento exponencial que nos permita para el a\u00f1o 2026 cubrir todas las necesiddades del mercado, conectando las diversas \u00e1reas de la econom\u00eda Colombiana y atenddiendo la demanda en sectores de inter\u00e9s como lo son las campa\u00f1as pol\u00edticas, la fabricaci\u00f3n industr\u00edal y las grandes superficies de comercio\u00a0<\/p>\t\t\t\t\t\t\t\t<\/div>\n\t\t\t\t<\/div>\n\t\t<div class=\"elementor-element elementor-element-176082b e-con-full e-flex e-con e-child\" data-id=\"176082b\" data-element_type=\"container\">\n\t\t\t\t<div class=\"elementor-element elementor-element-375615d elementor-arrows-position-inside elementor-pagination-position-outside elementor-widget elementor-widget-image-carousel\" data-id=\"375615d\" data-element_type=\"widget\" data-settings=\"{&quot;slides_to_show&quot;:&quot;2&quot;,&quot;navigation&quot;:&quot;both&quot;,&quot;autoplay&quot;:&quot;yes&quot;,&quot;pause_on_hover&quot;:&quot;yes&quot;,&quot;pause_on_interaction&quot;:&quot;yes&quot;,&quot;autoplay_speed&quot;:5000,&quot;infinite&quot;:&quot;yes&quot;,&quot;speed&quot;:500}\" data-widget_type=\"image-carousel.default\">\n\t\t\t\t\t\t\t<div class=\"elementor-image-carousel-wrapper swiper\" role=\"region\" aria-roledescription=\"carousel\" aria-label=\"Carrusel de im\u00e1genes\" dir=\"ltr\">\n\t\t\t<div class=\"elementor-image-carousel swiper-wrapper\" aria-live=\"off\">\n\t\t\t\t\t\t\t\t<div class=\"swiper-slide\" role=\"group\" aria-roledescription=\"slide\" aria-label=\"1 of 5\"><figure class=\"swiper-slide-inner\"><img decoding=\"async\" class=\"swiper-slide-image\" src=\"https:\/\/inversionesquitasuenos.com.co\/wp-content\/uploads\/2025\/11\/Imprenta-de-Libros.png\" alt=\"Imprenta de Libros\" \/><\/figure><\/div><div class=\"swiper-slide\" role=\"group\" aria-roledescription=\"slide\" aria-label=\"2 of 5\"><figure class=\"swiper-slide-inner\"><img decoding=\"async\" class=\"swiper-slide-image\" src=\"https:\/\/inversionesquitasuenos.com.co\/wp-content\/uploads\/2025\/11\/gorras-politicas.png\" alt=\"gorras politicas\" \/><\/figure><\/div><div class=\"swiper-slide\" role=\"group\" aria-roledescription=\"slide\" aria-label=\"3 of 5\"><figure class=\"swiper-slide-inner\"><img decoding=\"async\" class=\"swiper-slide-image\" src=\"https:\/\/inversionesquitasuenos.com.co\/wp-content\/uploads\/2025\/11\/invesiones-tarjetas.png\" alt=\"invesiones tarjetas\" \/><\/figure><\/div><div class=\"swiper-slide\" role=\"group\" aria-roledescription=\"slide\" aria-label=\"4 of 5\"><figure class=\"swiper-slide-inner\"><img decoding=\"async\" class=\"swiper-slide-image\" src=\"https:\/\/inversionesquitasuenos.com.co\/wp-content\/uploads\/2025\/11\/PORTAPENDONES.png\" alt=\"PORTAPENDONES\" \/><\/figure><\/div><div class=\"swiper-slide\" role=\"group\" aria-roledescription=\"slide\" aria-label=\"5 of 5\"><figure class=\"swiper-slide-inner\"><img decoding=\"async\" class=\"swiper-slide-image\" src=\"https:\/\/inversionesquitasuenos.com.co\/wp-content\/uploads\/2025\/11\/ofset.png\" alt=\"ofset\" \/><\/figure><\/div>\t\t\t<\/div>\n\t\t\t\t\t\t\t\t\t\t\t\t<div class=\"elementor-swiper-button elementor-swiper-button-prev\" role=\"button\" tabindex=\"0\">\n\t\t\t\t\t\t<svg aria-hidden=\"true\" class=\"e-font-icon-svg e-eicon-chevron-left\" viewBox=\"0 0 1000 1000\" xmlns=\"http:\/\/www.w3.org\/2000\/svg\"><path d=\"M646 125C629 125 613 133 604 142L308 442C296 454 292 471 292 487 292 504 296 521 308 533L604 854C617 867 629 875 646 875 663 875 679 871 692 858 704 846 713 829 713 812 713 796 708 779 692 767L438 487 692 225C700 217 708 204 708 187 708 171 704 154 692 142 675 129 663 125 646 125Z\"><\/path><\/svg>\t\t\t\t\t<\/div>\n\t\t\t\t\t<div class=\"elementor-swiper-button elementor-swiper-button-next\" role=\"button\" tabindex=\"0\">\n\t\t\t\t\t\t<svg aria-hidden=\"true\" class=\"e-font-icon-svg e-eicon-chevron-right\" viewBox=\"0 0 1000 1000\" xmlns=\"http:\/\/www.w3.org\/2000\/svg\"><path d=\"M696 533C708 521 713 504 713 487 713 471 708 454 696 446L400 146C388 133 375 125 354 125 338 125 325 129 313 142 300 154 292 171 292 187 292 204 296 221 308 233L563 492 304 771C292 783 288 800 288 817 288 833 296 850 308 863 321 871 338 875 354 875 371 875 388 867 400 854L696 533Z\"><\/path><\/svg>\t\t\t\t\t<\/div>\n\t\t\t\t\n\t\t\t\t\t\t\t\t\t<div class=\"swiper-pagination\"><\/div>\n\t\t\t\t\t\t\t\t\t<\/div>\n\t\t\t\t\t\t<\/div>\n\t\t\t\t<\/div>\n\t\t\t\t\t<\/div>\n\t\t\t\t<\/div>\n\t\t\t\t<\/div>\n\t\t","protected":false},"excerpt":{"rendered":"<p>https:\/\/inversionesquitasuenos.com.co\/wp-content\/uploads\/2025\/11\/para-celular.mp4 \u00bfA Qu\u00e9 Nos Dedicamos..? Contamos con un equipo profesional con el cual logramos obtener un gran rendimiento y calidad \u00f3ptima en nuestros trabajos. Elaboramos toda clase de impresi\u00f3n en vinilos, banner, microperforado,mesh, stikers, frost, entre otros Impresi\u00f3n Litografica\u00a0 Impresi\u00f3n por Sublimaaci\u00f3n Imprec\u00f3n DTF Impresi\u00f3n Digital Impresi\u00f3n a Gran Formato Avisos Comunicate con un asesor &hellip;<\/p>\n","protected":false},"author":1,"featured_media":0,"parent":0,"menu_order":0,"comment_status":"closed","ping_status":"closed","template":"","meta":{"footnotes":""},"class_list":["post-402","page","type-page","status-publish","hentry"],"_links":{"self":[{"href":"https:\/\/inversionesquitasuenos.com.co\/index.php\/wp-json\/wp\/v2\/pages\/402","targetHints":{"allow":["GET"]}}],"collection":[{"href":"https:\/\/inversionesquitasuenos.com.co\/index.php\/wp-json\/wp\/v2\/pages"}],"about":[{"href":"https:\/\/inversionesquitasuenos.com.co\/index.php\/wp-json\/wp\/v2\/types\/page"}],"author":[{"embeddable":true,"href":"https:\/\/inversionesquitasuenos.com.co\/index.php\/wp-json\/wp\/v2\/users\/1"}],"replies":[{"embeddable":true,"href":"https:\/\/inversionesquitasuenos.com.co\/index.php\/wp-json\/wp\/v2\/comments?post=402"}],"version-history":[{"count":64,"href":"https:\/\/inversionesquitasuenos.com.co\/index.php\/wp-json\/wp\/v2\/pages\/402\/revisions"}],"predecessor-version":[{"id":880,"href":"https:\/\/inversionesquitasuenos.com.co\/index.php\/wp-json\/wp\/v2\/pages\/402\/revisions\/880"}],"wp:attachment":[{"href":"https:\/\/inversionesquitasuenos.com.co\/index.php\/wp-json\/wp\/v2\/media?parent=402"}],"curies":[{"name":"wp","href":"https:\/\/api.w.org\/{rel}","templated":true}]}}